{"id":5301,"date":"2025-03-17T10:11:06","date_gmt":"2025-03-17T09:11:06","guid":{"rendered":"https:\/\/www.my-water-manager.com\/noticias\/"},"modified":"2025-03-17T10:11:08","modified_gmt":"2025-03-17T09:11:08","slug":"noticias","status":"publish","type":"page","link":"https:\/\/www.my-water-manager.com\/pt-pt\/noticias\/","title":{"rendered":"Not\u00edcias"},"content":{"rendered":"\t\t<div data-elementor-type=\"wp-page\" data-elementor-id=\"5301\" class=\"elementor elementor-5301 elementor-1674\" data-elementor-post-type=\"page\">\n\t\t\t\t\t\t\t\t\t<section class=\"elementor-section elementor-top-section elementor-element elementor-element-0e6678c elementor-section-height-min-height elementor-section-boxed elementor-section-height-default elementor-section-items-middle\" data-id=\"0e6678c\" data-element_type=\"section\" data-settings=\"{&quot;background_background&quot;:&quot;classic&quot;,&quot;shape_divider_bottom&quot;:&quot;curve&quot;,&quot;shape_divider_bottom_negative&quot;:&quot;yes&quot;}\">\n\t\t\t\t\t\t\t<div class=\"elementor-background-overlay\"><\/div>\n\t\t\t\t\t\t<div class=\"elementor-shape elementor-shape-bottom\" data-negative=\"true\">\n\t\t\t<svg xmlns=\"http:\/\/www.w3.org\/2000\/svg\" viewBox=\"0 0 1000 100\" preserveAspectRatio=\"none\">\n\t<path class=\"elementor-shape-fill\" d=\"M500,97C126.7,96.3,0.8,19.8,0,0v100l1000,0V1C1000,19.4,873.3,97.8,500,97z\"\/>\n<\/svg>\t\t<\/div>\n\t\t\t\t\t<div class=\"elementor-container elementor-column-gap-no\">\n\t\t\t\t\t<div class=\"elementor-column elementor-col-100 elementor-top-column elementor-element elementor-element-e95db5c\" data-id=\"e95db5c\" data-element_type=\"column\">\n\t\t\t<div class=\"elementor-widget-wrap elementor-element-populated\">\n\t\t\t\t\t\t\t\t<div class=\"elementor-element elementor-element-4a46606 elementor-widget elementor-widget-heading\" data-id=\"4a46606\" data-element_type=\"widget\" data-widget_type=\"heading.default\">\n\t\t\t\t<div class=\"elementor-widget-container\">\n\t\t\t<style>\/*! elementor - v3.16.0 - 17-10-2023 *\/\n.elementor-heading-title{padding:0;margin:0;line-height:1}.elementor-widget-heading .elementor-heading-title[class*=elementor-size-]>a{color:inherit;font-size:inherit;line-height:inherit}.elementor-widget-heading .elementor-heading-title.elementor-size-small{font-size:15px}.elementor-widget-heading .elementor-heading-title.elementor-size-medium{font-size:19px}.elementor-widget-heading .elementor-heading-title.elementor-size-large{font-size:29px}.elementor-widget-heading .elementor-heading-title.elementor-size-xl{font-size:39px}.elementor-widget-heading .elementor-heading-title.elementor-size-xxl{font-size:59px}<\/style><h2 class=\"elementor-heading-title elementor-size-default\">Not\u00edcias<\/h2>\t\t<\/div>\n\t\t\t\t<\/div>\n\t\t\t\t\t<\/div>\n\t\t<\/div>\n\t\t\t\t\t\t\t<\/div>\n\t\t<\/section>\n\t\t\t\t<section class=\"elementor-section elementor-top-section elementor-element elementor-element-58cc0bd0 elementor-section-content-top elementor-section-boxed elementor-section-height-default elementor-section-height-default\" data-id=\"58cc0bd0\" data-element_type=\"section\">\n\t\t\t\t\t\t<div class=\"elementor-container elementor-column-gap-default\">\n\t\t\t\t\t<div class=\"elementor-column elementor-col-100 elementor-top-column elementor-element elementor-element-1dcb5b4c\" data-id=\"1dcb5b4c\" data-element_type=\"column\">\n\t\t\t<div class=\"elementor-widget-wrap elementor-element-populated\">\n\t\t\t\t\t\t\t\t<div class=\"elementor-element elementor-element-b7a86de elementor-widget elementor-widget-text-editor\" data-id=\"b7a86de\" data-element_type=\"widget\" data-widget_type=\"text-editor.default\">\n\t\t\t\t<div class=\"elementor-widget-container\">\n\t\t\t<style>\/*! elementor - v3.16.0 - 17-10-2023 *\/\n.elementor-widget-text-editor.elementor-drop-cap-view-stacked .elementor-drop-cap{background-color:#69727d;color:#fff}.elementor-widget-text-editor.elementor-drop-cap-view-framed .elementor-drop-cap{color:#69727d;border:3px solid;background-color:transparent}.elementor-widget-text-editor:not(.elementor-drop-cap-view-default) .elementor-drop-cap{margin-top:8px}.elementor-widget-text-editor:not(.elementor-drop-cap-view-default) .elementor-drop-cap-letter{width:1em;height:1em}.elementor-widget-text-editor .elementor-drop-cap{float:left;text-align:center;line-height:1;font-size:50px}.elementor-widget-text-editor .elementor-drop-cap-letter{display:inline-block}<\/style>\t\t\t\t\n\n<script>\n(function ( $ ) {\n\"use strict\";\n$(document).on(\"sf:ajaxfinish\", \".searchandfilter\", function(){\nelementorFrontend.init();\n});\n}(jQuery));\n<\/script>\t\t\t\t\t\t<\/div>\n\t\t\t\t<\/div>\n\t\t\t\t<div class=\"elementor-element elementor-element-8cbe061 elementor-widget elementor-widget-text-editor\" data-id=\"8cbe061\" data-element_type=\"widget\" data-widget_type=\"text-editor.default\">\n\t\t\t\t<div class=\"elementor-widget-container\">\n\t\t\t\t\t\t\t<p><form data-sf-form-id='1807' data-is-rtl='0' data-maintain-state='' data-results-url='https:\/\/www.my-water-manager.com\/actualites' data-ajax-url='https:\/\/www.my-water-manager.com\/actualites?sf_data=results' data-ajax-form-url='https:\/\/www.my-water-manager.com\/pt-pt\/?sfid=1807&amp;sf_action=get_data&amp;sf_data=form' data-display-result-method='custom' data-use-history-api='1' data-template-loaded='0' data-lang-code='pt-pt' data-ajax='1' data-ajax-data-type='html' data-ajax-links-selector='.pagination a' data-ajax-target='#main' data-ajax-pagination-type='normal' data-scroll-to-pos='0' data-init-paged='1' data-auto-update='1' action='https:\/\/www.my-water-manager.com\/actualites' method='post' class='searchandfilter' id='search-filter-form-1807' autocomplete='off' data-instance-count='1'><ul><li class=\"sf-field-category\" data-sf-field-name=\"_sft_category\" data-sf-field-type=\"category\" data-sf-field-input-type=\"radio\">\t\t<ul class=\"\">\r\n\t\t\t\r\n\t\t\t<li class=\"sf-level-0 sf-item-0 sf-option-active\" data-sf-count=\"0\" data-sf-depth=\"0\"><input  class=\"sf-input-radio\" type=\"radio\" value=\"\" name=\"_sft_category[]\" checked=\"checked\" id=\"sf-input-2a36259162fb86b1b6edae25f6876c65\"><label class=\"sf-label-radio\" for=\"sf-input-2a36259162fb86b1b6edae25f6876c65\">Todas as categorias<\/label><\/li><li class=\"sf-level-0 sf-item-51\" data-sf-count=\"3\" data-sf-depth=\"0\"><input  class=\"sf-input-radio\" type=\"radio\" value=\"exposicoes\" name=\"_sft_category[]\" id=\"sf-input-65e84f538c246ee77b18f5c4998c6c72\"><label class=\"sf-label-radio\" for=\"sf-input-65e84f538c246ee77b18f5c4998c6c72\">Exposi\u00e7\u00f5es<span class=\"sf-count\">(3)<\/span><\/label><\/li><li class=\"sf-level-0 sf-item-65\" data-sf-count=\"2\" data-sf-depth=\"0\"><input  class=\"sf-input-radio\" type=\"radio\" value=\"parceiros\" name=\"_sft_category[]\" id=\"sf-input-833126df5f5d51134e7a0b68c98f1a7f\"><label class=\"sf-label-radio\" for=\"sf-input-833126df5f5d51134e7a0b68c98f1a7f\">Parceiros<span class=\"sf-count\">(2)<\/span><\/label><\/li><li class=\"sf-level-0 sf-item-42\" data-sf-count=\"5\" data-sf-depth=\"0\"><input  class=\"sf-input-radio\" type=\"radio\" value=\"sem-categoria\" name=\"_sft_category[]\" id=\"sf-input-6f818290a91644240550b67af9663b07\"><label class=\"sf-label-radio\" for=\"sf-input-6f818290a91644240550b67af9663b07\">Sem categoria<span class=\"sf-count\">(5)<\/span><\/label><\/li>\t\t<\/ul>\r\n\t\t<\/li><\/ul><\/form><\/p>\t\t\t\t\t\t<\/div>\n\t\t\t\t<\/div>\n\t\t\t\t<div class=\"elementor-element elementor-element-a532001 elementor-grid-3 elementor-grid-tablet-2 elementor-grid-mobile-1 elementor-posts--thumbnail-top elementor-card-shadow-yes elementor-posts__hover-gradient elementor-widget elementor-widget-posts\" data-id=\"a532001\" data-element_type=\"widget\" id=\"main\" data-settings=\"{&quot;cards_columns&quot;:&quot;3&quot;,&quot;cards_columns_tablet&quot;:&quot;2&quot;,&quot;cards_columns_mobile&quot;:&quot;1&quot;,&quot;cards_row_gap&quot;:{&quot;unit&quot;:&quot;px&quot;,&quot;size&quot;:35,&quot;sizes&quot;:[]},&quot;cards_row_gap_tablet&quot;:{&quot;unit&quot;:&quot;px&quot;,&quot;size&quot;:&quot;&quot;,&quot;sizes&quot;:[]},&quot;cards_row_gap_mobile&quot;:{&quot;unit&quot;:&quot;px&quot;,&quot;size&quot;:&quot;&quot;,&quot;sizes&quot;:[]}}\" data-widget_type=\"posts.cards\">\n\t\t\t\t<div class=\"elementor-widget-container\">\n\t\t\t<link rel=\"stylesheet\" href=\"https:\/\/www.my-water-manager.com\/wp-content\/plugins\/elementor-pro\/assets\/css\/widget-posts.min.css\">\t\t<div class=\"elementor-posts-container elementor-posts elementor-posts--skin-cards elementor-grid\">\n\t\t\t\t<article class=\"elementor-post elementor-grid-item post-5254 post type-post status-publish format-standard has-post-thumbnail hentry category-exposicoes category-sem-categoria\">\n\t\t\t<div class=\"elementor-post__card\">\n\t\t\t\t<a class=\"elementor-post__thumbnail__link\" href=\"https:\/\/www.my-water-manager.com\/pt-pt\/2025\/03\/17\/salon-interclima-em-paris-a-nossa-primeira-exposicao\/\" tabindex=\"-1\" ><div class=\"elementor-post__thumbnail\"><img width=\"768\" height=\"432\" src=\"https:\/\/www.my-water-manager.com\/wp-content\/uploads\/2022\/09\/Interclima-MY-WATER-MANAGER-768x432.jpg\" class=\"attachment-medium_large size-medium_large wp-image-5258\" alt=\"\" decoding=\"async\" srcset=\"https:\/\/www.my-water-manager.com\/wp-content\/uploads\/2022\/09\/Interclima-MY-WATER-MANAGER-768x432.jpg 768w, https:\/\/www.my-water-manager.com\/wp-content\/uploads\/2022\/09\/Interclima-MY-WATER-MANAGER-300x169.jpg 300w, https:\/\/www.my-water-manager.com\/wp-content\/uploads\/2022\/09\/Interclima-MY-WATER-MANAGER-1024x576.jpg 1024w, https:\/\/www.my-water-manager.com\/wp-content\/uploads\/2022\/09\/Interclima-MY-WATER-MANAGER-1536x864.jpg 1536w, https:\/\/www.my-water-manager.com\/wp-content\/uploads\/2022\/09\/Interclima-MY-WATER-MANAGER.jpg 1920w\" sizes=\"(max-width: 768px) 100vw, 768px\" \/><\/div><\/a>\n\t\t\t\t<div class=\"elementor-post__badge\">Exposi\u00e7\u00f5es<\/div>\n\t\t\t\t<div class=\"elementor-post__text\">\n\t\t\t\t<h3 class=\"elementor-post__title\">\n\t\t\t<a href=\"https:\/\/www.my-water-manager.com\/pt-pt\/2025\/03\/17\/salon-interclima-em-paris-a-nossa-primeira-exposicao\/\" >\n\t\t\t\tSalon Interclima em Paris &#8211; A nossa primeira exposi\u00e7\u00e3o\t\t\t<\/a>\n\t\t<\/h3>\n\t\t\t\t<div class=\"elementor-post__excerpt\">\n\t\t\t<p>Temos o prazer de informar que a nossa equipa estar\u00e1 presente na pr\u00f3xima exposi\u00e7\u00e3o Interclima, que ter\u00e1 lugar na bela cidade de Paris, de 3<\/p>\n\t\t<\/div>\n\t\t\n\t\t<a class=\"elementor-post__read-more\" href=\"https:\/\/www.my-water-manager.com\/pt-pt\/2025\/03\/17\/salon-interclima-em-paris-a-nossa-primeira-exposicao\/\" aria-label=\"Read more about Salon Interclima em Paris &#8211; A nossa primeira exposi\u00e7\u00e3o\" tabindex=\"-1\" >\n\t\t\tL\u00ea mais \"\t\t<\/a>\n\n\t\t\t\t<\/div>\n\t\t\t\t<div class=\"elementor-post__meta-data\">\n\t\t\t\t\t<span class=\"elementor-post-date\">\n\t\t\t17 Mar\u00e7o 2025\t\t<\/span>\n\t\t\t\t<\/div>\n\t\t\t\t\t<\/div>\n\t\t<\/article>\n\t\t\t\t<article class=\"elementor-post elementor-grid-item post-5253 post type-post status-publish format-standard hentry category-sem-categoria\">\n\t\t\t<div class=\"elementor-post__card\">\n\t\t\t\t<div class=\"elementor-post__text\">\n\t\t\t\t<h3 class=\"elementor-post__title\">\n\t\t\t<a href=\"https:\/\/www.my-water-manager.com\/pt-pt\/2025\/03\/17\/mwm-on-cnews-utiliza-a-domotica-para-controlar-o-teu-consumo-de-agua\/\" >\n\t\t\t\tMWM on CNEWS: Utiliza a dom\u00f3tica para controlar o teu consumo de \u00e1gua\t\t\t<\/a>\n\t\t<\/h3>\n\t\t\t\t<div class=\"elementor-post__excerpt\">\n\t\t\t<p>My Wateur Manager, a empresa da semana no CNEWS: controla e gere o teu consumo de \u00e1gua atrav\u00e9s de um sistema inovador de dom\u00f3tica.<\/p>\n\t\t<\/div>\n\t\t\n\t\t<a class=\"elementor-post__read-more\" href=\"https:\/\/www.my-water-manager.com\/pt-pt\/2025\/03\/17\/mwm-on-cnews-utiliza-a-domotica-para-controlar-o-teu-consumo-de-agua\/\" aria-label=\"Read more about MWM on CNEWS: Utiliza a dom\u00f3tica para controlar o teu consumo de \u00e1gua\" tabindex=\"-1\" >\n\t\t\tL\u00ea mais \"\t\t<\/a>\n\n\t\t\t\t<\/div>\n\t\t\t\t<div class=\"elementor-post__meta-data\">\n\t\t\t\t\t<span class=\"elementor-post-date\">\n\t\t\t17 Mar\u00e7o 2025\t\t<\/span>\n\t\t\t\t<\/div>\n\t\t\t\t\t<\/div>\n\t\t<\/article>\n\t\t\t\t<article class=\"elementor-post elementor-grid-item post-5241 post type-post status-publish format-standard has-post-thumbnail hentry category-parceiros category-sem-categoria\">\n\t\t\t<div class=\"elementor-post__card\">\n\t\t\t\t<a class=\"elementor-post__thumbnail__link\" href=\"https:\/\/www.my-water-manager.com\/pt-pt\/2025\/03\/17\/cerimonia-de-entrega-dos-premios-axa-grand-est-csr\/\" tabindex=\"-1\" ><div class=\"elementor-post__thumbnail\"><img width=\"768\" height=\"576\" src=\"https:\/\/www.my-water-manager.com\/wp-content\/uploads\/2022\/10\/Trophees-RSE-AXA-768x576.jpg\" class=\"attachment-medium_large size-medium_large wp-image-5243\" alt=\"Pr\u00e9mios AXA CSR\" decoding=\"async\" srcset=\"https:\/\/www.my-water-manager.com\/wp-content\/uploads\/2022\/10\/Trophees-RSE-AXA-768x576.jpg 768w, https:\/\/www.my-water-manager.com\/wp-content\/uploads\/2022\/10\/Trophees-RSE-AXA-300x225.jpg 300w, https:\/\/www.my-water-manager.com\/wp-content\/uploads\/2022\/10\/Trophees-RSE-AXA.jpg 1024w\" sizes=\"(max-width: 768px) 100vw, 768px\" \/><\/div><\/a>\n\t\t\t\t<div class=\"elementor-post__badge\">Parceiros<\/div>\n\t\t\t\t<div class=\"elementor-post__text\">\n\t\t\t\t<h3 class=\"elementor-post__title\">\n\t\t\t<a href=\"https:\/\/www.my-water-manager.com\/pt-pt\/2025\/03\/17\/cerimonia-de-entrega-dos-premios-axa-grand-est-csr\/\" >\n\t\t\t\tCerim\u00f3nia de entrega dos pr\u00e9mios AXA Grand Est CSR\t\t\t<\/a>\n\t\t<\/h3>\n\t\t\t\t<div class=\"elementor-post__excerpt\">\n\t\t\t<p>No dia 12 de outubro de 2022, ter\u00e1 lugar um evento emocionante. O Grupo AXA orgulha-se de acolher uma cerim\u00f3nia de entrega de pr\u00e9mios para<\/p>\n\t\t<\/div>\n\t\t\n\t\t<a class=\"elementor-post__read-more\" href=\"https:\/\/www.my-water-manager.com\/pt-pt\/2025\/03\/17\/cerimonia-de-entrega-dos-premios-axa-grand-est-csr\/\" aria-label=\"Read more about Cerim\u00f3nia de entrega dos pr\u00e9mios AXA Grand Est CSR\" tabindex=\"-1\" >\n\t\t\tL\u00ea mais \"\t\t<\/a>\n\n\t\t\t\t<\/div>\n\t\t\t\t<div class=\"elementor-post__meta-data\">\n\t\t\t\t\t<span class=\"elementor-post-date\">\n\t\t\t17 Mar\u00e7o 2025\t\t<\/span>\n\t\t\t\t<\/div>\n\t\t\t\t\t<\/div>\n\t\t<\/article>\n\t\t\t\t<article class=\"elementor-post elementor-grid-item post-5226 post type-post status-publish format-standard has-post-thumbnail hentry category-exposicoes category-parceiros category-sem-categoria\">\n\t\t\t<div class=\"elementor-post__card\">\n\t\t\t\t<a class=\"elementor-post__thumbnail__link\" href=\"https:\/\/www.my-water-manager.com\/pt-pt\/2025\/03\/17\/saloes-gc-gruppe-o-nosso-distribuidor-na-alemanha\/\" tabindex=\"-1\" ><div class=\"elementor-post__thumbnail\"><img width=\"768\" height=\"562\" src=\"https:\/\/www.my-water-manager.com\/wp-content\/uploads\/2023\/11\/Salons-GC1-768x562.jpg\" class=\"attachment-medium_large size-medium_large wp-image-5228\" alt=\"Sal\u00f5es GC Gr\u00fcppe, o nosso distribuidor na Alemanha.\" decoding=\"async\" srcset=\"https:\/\/www.my-water-manager.com\/wp-content\/uploads\/2023\/11\/Salons-GC1-768x562.jpg 768w, https:\/\/www.my-water-manager.com\/wp-content\/uploads\/2023\/11\/Salons-GC1-300x219.jpg 300w, https:\/\/www.my-water-manager.com\/wp-content\/uploads\/2023\/11\/Salons-GC1-1024x749.jpg 1024w, https:\/\/www.my-water-manager.com\/wp-content\/uploads\/2023\/11\/Salons-GC1-1536x1123.jpg 1536w, https:\/\/www.my-water-manager.com\/wp-content\/uploads\/2023\/11\/Salons-GC1.jpg 1947w\" sizes=\"(max-width: 768px) 100vw, 768px\" \/><\/div><\/a>\n\t\t\t\t<div class=\"elementor-post__badge\">Exposi\u00e7\u00f5es<\/div>\n\t\t\t\t<div class=\"elementor-post__text\">\n\t\t\t\t<h3 class=\"elementor-post__title\">\n\t\t\t<a href=\"https:\/\/www.my-water-manager.com\/pt-pt\/2025\/03\/17\/saloes-gc-gruppe-o-nosso-distribuidor-na-alemanha\/\" >\n\t\t\t\tSal\u00f5es GC Gr\u00fcppe, o nosso distribuidor na Alemanha.\t\t\t<\/a>\n\t\t<\/h3>\n\t\t\t\t<div class=\"elementor-post__excerpt\">\n\t\t\t<p>Temos o prazer de te informar que o nosso distribuidor na Alemanha, Salons GC Gr\u00fcppe, vai realizar uma s\u00e9rie de eventos em diferentes cidades do<\/p>\n\t\t<\/div>\n\t\t\n\t\t<a class=\"elementor-post__read-more\" href=\"https:\/\/www.my-water-manager.com\/pt-pt\/2025\/03\/17\/saloes-gc-gruppe-o-nosso-distribuidor-na-alemanha\/\" aria-label=\"Read more about Sal\u00f5es GC Gr\u00fcppe, o nosso distribuidor na Alemanha.\" tabindex=\"-1\" >\n\t\t\tL\u00ea mais \"\t\t<\/a>\n\n\t\t\t\t<\/div>\n\t\t\t\t<div class=\"elementor-post__meta-data\">\n\t\t\t\t\t<span class=\"elementor-post-date\">\n\t\t\t17 Mar\u00e7o 2025\t\t<\/span>\n\t\t\t\t<\/div>\n\t\t\t\t\t<\/div>\n\t\t<\/article>\n\t\t\t\t<article class=\"elementor-post elementor-grid-item post-5190 post type-post status-publish format-standard has-post-thumbnail hentry category-exposicoes category-sem-categoria\">\n\t\t\t<div class=\"elementor-post__card\">\n\t\t\t\t<a class=\"elementor-post__thumbnail__link\" href=\"https:\/\/www.my-water-manager.com\/pt-pt\/2025\/03\/17\/salao-engie-home-service-casino-damneville\/\" tabindex=\"-1\" ><div class=\"elementor-post__thumbnail\"><img width=\"768\" height=\"576\" src=\"https:\/\/www.my-water-manager.com\/wp-content\/uploads\/2023\/11\/MY-WATER-MANAGER-Salon-Engie-768x576.jpg\" class=\"attachment-medium_large size-medium_large wp-image-5192\" alt=\"Exposi\u00e7\u00e3o MY WATER MANAGER-Engie\" decoding=\"async\" srcset=\"https:\/\/www.my-water-manager.com\/wp-content\/uploads\/2023\/11\/MY-WATER-MANAGER-Salon-Engie-768x576.jpg 768w, https:\/\/www.my-water-manager.com\/wp-content\/uploads\/2023\/11\/MY-WATER-MANAGER-Salon-Engie-300x225.jpg 300w, https:\/\/www.my-water-manager.com\/wp-content\/uploads\/2023\/11\/MY-WATER-MANAGER-Salon-Engie-1024x768.jpg 1024w, https:\/\/www.my-water-manager.com\/wp-content\/uploads\/2023\/11\/MY-WATER-MANAGER-Salon-Engie-1536x1152.jpg 1536w, https:\/\/www.my-water-manager.com\/wp-content\/uploads\/2023\/11\/MY-WATER-MANAGER-Salon-Engie.jpg 1900w\" sizes=\"(max-width: 768px) 100vw, 768px\" \/><\/div><\/a>\n\t\t\t\t<div class=\"elementor-post__badge\">Exposi\u00e7\u00f5es<\/div>\n\t\t\t\t<div class=\"elementor-post__text\">\n\t\t\t\t<h3 class=\"elementor-post__title\">\n\t\t\t<a href=\"https:\/\/www.my-water-manager.com\/pt-pt\/2025\/03\/17\/salao-engie-home-service-casino-damneville\/\" >\n\t\t\t\tSal\u00e3o Engie Home Service Casino d&#8217;Amn\u00e9ville\t\t\t<\/a>\n\t\t<\/h3>\n\t\t\t\t<div class=\"elementor-post__excerpt\">\n\t\t\t<p>Um evento muito especial que ter\u00e1 lugar a 28 de setembro de 2023 no sal\u00e3o Engie Home Service do Casino d&#8217;Amn\u00e9ville. Guarda a data! Este<\/p>\n\t\t<\/div>\n\t\t\n\t\t<a class=\"elementor-post__read-more\" href=\"https:\/\/www.my-water-manager.com\/pt-pt\/2025\/03\/17\/salao-engie-home-service-casino-damneville\/\" aria-label=\"Read more about Sal\u00e3o Engie Home Service Casino d&#8217;Amn\u00e9ville\" tabindex=\"-1\" >\n\t\t\tL\u00ea mais \"\t\t<\/a>\n\n\t\t\t\t<\/div>\n\t\t\t\t<div class=\"elementor-post__meta-data\">\n\t\t\t\t\t<span class=\"elementor-post-date\">\n\t\t\t17 Mar\u00e7o 2025\t\t<\/span>\n\t\t\t\t<\/div>\n\t\t\t\t\t<\/div>\n\t\t<\/article>\n\t\t\t\t<\/div>\n\t\t\n\t\t\t\t<\/div>\n\t\t\t\t<\/div>\n\t\t\t\t\t<\/div>\n\t\t<\/div>\n\t\t\t\t\t\t\t<\/div>\n\t\t<\/section>\n\t\t\t\t\t\t\t<\/div>\n\t\t","protected":false},"excerpt":{"rendered":"","protected":false},"author":1,"featured_media":0,"parent":0,"menu_order":0,"comment_status":"closed","ping_status":"closed","template":"","meta":{"footnotes":""},"yoast_head":"<!-- This site is optimized with the Yoast SEO plugin v22.0 - https:\/\/yoast.com\/wordpress\/plugins\/seo\/ -->\n<title>Not\u00edcias - My Water Manager<\/title>\n<meta name=\"robots\" content=\"index, follow, max-snippet:-1, max-image-preview:large, max-video-preview:-1\" \/>\n<link rel=\"canonical\" href=\"https:\/\/www.my-water-manager.com\/pt-pt\/noticias\/\" \/>\n<meta property=\"og:locale\" content=\"pt_PT\" \/>\n<meta property=\"og:type\" content=\"article\" \/>\n<meta property=\"og:title\" content=\"Not\u00edcias - My Water Manager\" \/>\n<meta property=\"og:url\" content=\"https:\/\/www.my-water-manager.com\/pt-pt\/noticias\/\" \/>\n<meta property=\"og:site_name\" content=\"My Water Manager\" \/>\n<meta property=\"article:publisher\" content=\"https:\/\/www.facebook.com\/MyWaterManager\" \/>\n<meta property=\"article:modified_time\" content=\"2025-03-17T09:11:08+00:00\" \/>\n<meta name=\"twitter:card\" content=\"summary_large_image\" \/>\n<script type=\"application\/ld+json\" class=\"yoast-schema-graph\">{\"@context\":\"https:\/\/schema.org\",\"@graph\":[{\"@type\":\"WebPage\",\"@id\":\"https:\/\/www.my-water-manager.com\/pt-pt\/noticias\/\",\"url\":\"https:\/\/www.my-water-manager.com\/pt-pt\/noticias\/\",\"name\":\"Not\u00edcias - My Water Manager\",\"isPartOf\":{\"@id\":\"https:\/\/www.my-water-manager.com\/pt-pt\/#website\"},\"datePublished\":\"2025-03-17T09:11:06+00:00\",\"dateModified\":\"2025-03-17T09:11:08+00:00\",\"breadcrumb\":{\"@id\":\"https:\/\/www.my-water-manager.com\/pt-pt\/noticias\/#breadcrumb\"},\"inLanguage\":\"pt-PT\",\"potentialAction\":[{\"@type\":\"ReadAction\",\"target\":[\"https:\/\/www.my-water-manager.com\/pt-pt\/noticias\/\"]}]},{\"@type\":\"BreadcrumbList\",\"@id\":\"https:\/\/www.my-water-manager.com\/pt-pt\/noticias\/#breadcrumb\",\"itemListElement\":[{\"@type\":\"ListItem\",\"position\":1,\"name\":\"Accueil\",\"item\":\"https:\/\/www.my-water-manager.com\/pt-pt\/casa\/\"},{\"@type\":\"ListItem\",\"position\":2,\"name\":\"Not\u00edcias\"}]},{\"@type\":\"WebSite\",\"@id\":\"https:\/\/www.my-water-manager.com\/pt-pt\/#website\",\"url\":\"https:\/\/www.my-water-manager.com\/pt-pt\/\",\"name\":\"My Water Manager\",\"description\":\"Une fa\u00e7on plus intelligente de g\u00e9rer sa consommation d&#039;eau\",\"publisher\":{\"@id\":\"https:\/\/www.my-water-manager.com\/pt-pt\/#organization\"},\"potentialAction\":[{\"@type\":\"SearchAction\",\"target\":{\"@type\":\"EntryPoint\",\"urlTemplate\":\"https:\/\/www.my-water-manager.com\/pt-pt\/?s={search_term_string}\"},\"query-input\":\"required name=search_term_string\"}],\"inLanguage\":\"pt-PT\"},{\"@type\":\"Organization\",\"@id\":\"https:\/\/www.my-water-manager.com\/pt-pt\/#organization\",\"name\":\"My Water Manager\",\"url\":\"https:\/\/www.my-water-manager.com\/pt-pt\/\",\"logo\":{\"@type\":\"ImageObject\",\"inLanguage\":\"pt-PT\",\"@id\":\"https:\/\/www.my-water-manager.com\/pt-pt\/#\/schema\/logo\/image\/\",\"url\":\"https:\/\/www.my-water-manager.com\/wp-content\/uploads\/2021\/11\/logo-mwm-bl.svg\",\"contentUrl\":\"https:\/\/www.my-water-manager.com\/wp-content\/uploads\/2021\/11\/logo-mwm-bl.svg\",\"width\":579,\"height\":182,\"caption\":\"My Water Manager\"},\"image\":{\"@id\":\"https:\/\/www.my-water-manager.com\/pt-pt\/#\/schema\/logo\/image\/\"},\"sameAs\":[\"https:\/\/www.facebook.com\/MyWaterManager\",\"https:\/\/www.instagram.com\/mywatermanager\/\",\"https:\/\/www.youtube.com\/channel\/UCq4Z2vIp_qglRr_bGnWvadg\",\"https:\/\/www.linkedin.com\/company\/my-water-manager\"]}]}<\/script>\n<!-- \/ Yoast SEO plugin. -->","yoast_head_json":{"title":"Not\u00edcias - My Water Manager","robots":{"index":"index","follow":"follow","max-snippet":"max-snippet:-1","max-image-preview":"max-image-preview:large","max-video-preview":"max-video-preview:-1"},"canonical":"https:\/\/www.my-water-manager.com\/pt-pt\/noticias\/","og_locale":"pt_PT","og_type":"article","og_title":"Not\u00edcias - My Water Manager","og_url":"https:\/\/www.my-water-manager.com\/pt-pt\/noticias\/","og_site_name":"My Water Manager","article_publisher":"https:\/\/www.facebook.com\/MyWaterManager","article_modified_time":"2025-03-17T09:11:08+00:00","twitter_card":"summary_large_image","schema":{"@context":"https:\/\/schema.org","@graph":[{"@type":"WebPage","@id":"https:\/\/www.my-water-manager.com\/pt-pt\/noticias\/","url":"https:\/\/www.my-water-manager.com\/pt-pt\/noticias\/","name":"Not\u00edcias - My Water Manager","isPartOf":{"@id":"https:\/\/www.my-water-manager.com\/pt-pt\/#website"},"datePublished":"2025-03-17T09:11:06+00:00","dateModified":"2025-03-17T09:11:08+00:00","breadcrumb":{"@id":"https:\/\/www.my-water-manager.com\/pt-pt\/noticias\/#breadcrumb"},"inLanguage":"pt-PT","potentialAction":[{"@type":"ReadAction","target":["https:\/\/www.my-water-manager.com\/pt-pt\/noticias\/"]}]},{"@type":"BreadcrumbList","@id":"https:\/\/www.my-water-manager.com\/pt-pt\/noticias\/#breadcrumb","itemListElement":[{"@type":"ListItem","position":1,"name":"Accueil","item":"https:\/\/www.my-water-manager.com\/pt-pt\/casa\/"},{"@type":"ListItem","position":2,"name":"Not\u00edcias"}]},{"@type":"WebSite","@id":"https:\/\/www.my-water-manager.com\/pt-pt\/#website","url":"https:\/\/www.my-water-manager.com\/pt-pt\/","name":"My Water Manager","description":"Une fa\u00e7on plus intelligente de g\u00e9rer sa consommation d&#039;eau","publisher":{"@id":"https:\/\/www.my-water-manager.com\/pt-pt\/#organization"},"potentialAction":[{"@type":"SearchAction","target":{"@type":"EntryPoint","urlTemplate":"https:\/\/www.my-water-manager.com\/pt-pt\/?s={search_term_string}"},"query-input":"required name=search_term_string"}],"inLanguage":"pt-PT"},{"@type":"Organization","@id":"https:\/\/www.my-water-manager.com\/pt-pt\/#organization","name":"My Water Manager","url":"https:\/\/www.my-water-manager.com\/pt-pt\/","logo":{"@type":"ImageObject","inLanguage":"pt-PT","@id":"https:\/\/www.my-water-manager.com\/pt-pt\/#\/schema\/logo\/image\/","url":"https:\/\/www.my-water-manager.com\/wp-content\/uploads\/2021\/11\/logo-mwm-bl.svg","contentUrl":"https:\/\/www.my-water-manager.com\/wp-content\/uploads\/2021\/11\/logo-mwm-bl.svg","width":579,"height":182,"caption":"My Water Manager"},"image":{"@id":"https:\/\/www.my-water-manager.com\/pt-pt\/#\/schema\/logo\/image\/"},"sameAs":["https:\/\/www.facebook.com\/MyWaterManager","https:\/\/www.instagram.com\/mywatermanager\/","https:\/\/www.youtube.com\/channel\/UCq4Z2vIp_qglRr_bGnWvadg","https:\/\/www.linkedin.com\/company\/my-water-manager"]}]}},"_links":{"self":[{"href":"https:\/\/www.my-water-manager.com\/pt-pt\/wp-json\/wp\/v2\/pages\/5301"}],"collection":[{"href":"https:\/\/www.my-water-manager.com\/pt-pt\/wp-json\/wp\/v2\/pages"}],"about":[{"href":"https:\/\/www.my-water-manager.com\/pt-pt\/wp-json\/wp\/v2\/types\/page"}],"author":[{"embeddable":true,"href":"https:\/\/www.my-water-manager.com\/pt-pt\/wp-json\/wp\/v2\/users\/1"}],"replies":[{"embeddable":true,"href":"https:\/\/www.my-water-manager.com\/pt-pt\/wp-json\/wp\/v2\/comments?post=5301"}],"version-history":[{"count":1,"href":"https:\/\/www.my-water-manager.com\/pt-pt\/wp-json\/wp\/v2\/pages\/5301\/revisions"}],"predecessor-version":[{"id":5302,"href":"https:\/\/www.my-water-manager.com\/pt-pt\/wp-json\/wp\/v2\/pages\/5301\/revisions\/5302"}],"wp:attachment":[{"href":"https:\/\/www.my-water-manager.com\/pt-pt\/wp-json\/wp\/v2\/media?parent=5301"}],"curies":[{"name":"wp","href":"https:\/\/api.w.org\/{rel}","templated":true}]}}